{"id":505,"date":"2025-05-12T21:53:09","date_gmt":"2025-05-12T19:53:09","guid":{"rendered":"https:\/\/mariavrabel.sk\/?page_id=505"},"modified":"2025-06-06T15:45:28","modified_gmt":"2025-06-06T13:45:28","slug":"o-mne","status":"publish","type":"page","link":"https:\/\/mariavrabel.sk\/en\/o-mne\/","title":{"rendered":"About me"},"content":{"rendered":"<div data-elementor-type=\"wp-page\" data-elementor-id=\"505\" class=\"elementor elementor-505\">\n\t\t\t\t<div class=\"elementor-element elementor-element-4707c5f e-flex e-con-boxed e-con e-parent\" data-id=\"4707c5f\" data-element_type=\"container\">\n\t\t\t\t\t<div class=\"e-con-inner\">\n\t\t\t\t<div class=\"elementor-element elementor-element-b0a39ff elementor-widget elementor-widget-spacer\" data-id=\"b0a39ff\" data-element_type=\"widget\" data-widget_type=\"spacer.default\">\n\t\t\t\t<div class=\"elementor-widget-container\">\n\t\t\t\t\t\t\t<div class=\"elementor-spacer\">\n\t\t\t<div class=\"elementor-spacer-inner\"><\/div>\n\t\t<\/div>\n\t\t\t\t\t\t<\/div>\n\t\t\t\t<\/div>\n\t\t\t\t\t<\/div>\n\t\t\t\t<\/div>\n\t\t<div class=\"elementor-element elementor-element-9525cb0 e-grid e-con-boxed e-con e-parent\" data-id=\"9525cb0\" data-element_type=\"container\">\n\t\t\t\t\t<div class=\"e-con-inner\">\n\t\t\t\t<div class=\"elementor-element elementor-element-c465721 elementor-widget elementor-widget-image\" data-id=\"c465721\" data-element_type=\"widget\" data-widget_type=\"image.default\">\n\t\t\t\t<div class=\"elementor-widget-container\">\n\t\t\t\t\t\t\t\t\t\t\t\t\t\t\t<img fetchpriority=\"high\" decoding=\"async\" width=\"684\" height=\"1024\" src=\"https:\/\/mariavrabel.sk\/wp-content\/uploads\/2025\/06\/DSC_6811-684x1024.jpg\" class=\"attachment-large size-large wp-image-998\" alt=\"\" srcset=\"https:\/\/mariavrabel.sk\/wp-content\/uploads\/2025\/06\/DSC_6811-684x1024.jpg 684w, https:\/\/mariavrabel.sk\/wp-content\/uploads\/2025\/06\/DSC_6811-200x300.jpg 200w, https:\/\/mariavrabel.sk\/wp-content\/uploads\/2025\/06\/DSC_6811-768x1150.jpg 768w, https:\/\/mariavrabel.sk\/wp-content\/uploads\/2025\/06\/DSC_6811-1025x1536.jpg 1025w, https:\/\/mariavrabel.sk\/wp-content\/uploads\/2025\/06\/DSC_6811-1367x2048.jpg 1367w, https:\/\/mariavrabel.sk\/wp-content\/uploads\/2025\/06\/DSC_6811-8x12.jpg 8w, https:\/\/mariavrabel.sk\/wp-content\/uploads\/2025\/06\/DSC_6811.jpg 1709w\" sizes=\"(max-width: 684px) 100vw, 684px\" \/>\t\t\t\t\t\t\t\t\t\t\t\t\t\t\t<\/div>\n\t\t\t\t<\/div>\n\t\t\t\t<div class=\"elementor-element elementor-element-7f88415 elementor-widget elementor-widget-text-editor\" data-id=\"7f88415\" data-element_type=\"widget\" data-widget_type=\"text-editor.default\">\n\t\t\t\t<div class=\"elementor-widget-container\">\n\t\t\t\t\t\t\t\t\t<h1>M\u00e1ria Vr\u00e1bel, MSc.<\/h1><p><span style=\"font-weight: 400;\">Som certifikovan\u00e1 kres\u0165ansk\u00e1 kou\u010dka so zameran\u00edm na \u017eivotn\u00fd kou\u010ding. Podporujem jednotlivcov v d\u00f4le\u017eit\u00fdch rozhodnutiach a pri zvl\u00e1dan\u00ed zmien, ktor\u00e9 ved\u00fa k v\u00e4\u010d\u0161ej rovnov\u00e1he, odolnosti a naplneniu v osobnom aj pracovnom \u017eivote. Absolvovala som v\u00fdcviky v \u0160kole kres\u0165ansk\u00e9ho kou\u010dingu a v Power Coaching a som \u010dlenkou Asoci\u00e1cie kres\u0165ansk\u00fdch kou\u010dov.<\/span><\/p><p><span style=\"font-weight: 400;\">Z\u00e1rove\u0148 som profesion\u00e1lna jazykov\u00e1 kou\u010dka a pom\u00e1ham jednotlivcom a firm\u00e1m zvy\u0161ova\u0165 komunika\u010dn\u00e9 sebavedomie v angli\u010dtine. Vyu\u017e\u00edvam met\u00f3du <\/span><i><span style=\"font-weight: 400;\">Neurolanguage Coaching\u00ae<\/span><\/i><span style=\"font-weight: 400;\">, ktor\u00e1 prep\u00e1ja poznatky z neurovied s kou\u010dovac\u00edm pr\u00edstupom a prin\u00e1\u0161a merate\u013en\u00e9 v\u00fdsledky v jazykovom vzdel\u00e1van\u00ed.<\/span><\/p><p><strong>Pre\u010do kou\u010dujem?<\/strong><\/p><p><span style=\"font-weight: 400;\">Z vlastnej sk\u00fasenosti viem, ak\u00e9 n\u00e1ro\u010dn\u00e9 m\u00f4\u017ee by\u0165 udr\u017ea\u0165 v\u00fdkon, motiv\u00e1ciu a osobn\u00fa rovnov\u00e1hu v prostred\u00ed vysok\u00fdch o\u010dak\u00e1van\u00ed \u2013 \u010di u\u017e doma, alebo v pr\u00e1ci. <\/span><\/p><p><span style=\"font-weight: 400;\">Po piatich rokoch pr\u00e1ce v korpor\u00e1tnom prostred\u00ed firiem v Lond\u00fdne ako architektka (\u010dlenka <\/span><i><span style=\"font-weight: 400;\">Royal Institute of British Architects<\/span><\/i><span style=\"font-weight: 400;\">) a po n\u00e1slednom vyhoren\u00ed som sa rozhodla pre zmenu smerovania. Nau\u010dila som sa, ako budova\u0165 odolnos\u0165 a n\u00e1js\u0165 zdrav\u00fd balans. <\/span><\/p><p><span style=\"font-weight: 400;\">Dnes t\u00fato sk\u00fasenos\u0165 pretavujem do kou\u010dingu \u2013 pom\u00e1ham \u013eu\u010fom zvl\u00e1da\u0165 tlak, vedome pracova\u0165 so zmenou a rozv\u00edja\u0165 svoj potenci\u00e1l v s\u00falade s ich hodnotami.<\/span><\/p>\t\t\t\t\t\t\t\t<\/div>\n\t\t\t\t<\/div>\n\t\t\t\t\t<\/div>\n\t\t\t\t<\/div>\n\t\t\t\t<\/div>","protected":false},"excerpt":{"rendered":"<p>Profil kou\u010da, pre\u010do kou\u010dujem, vzdelanie a tr\u00e9ning<\/p>","protected":false},"author":1,"featured_media":0,"parent":0,"menu_order":0,"comment_status":"closed","ping_status":"closed","template":"elementor_header_footer","meta":{"_monsterinsights_skip_tracking":false,"_monsterinsights_sitenote_active":false,"_monsterinsights_sitenote_note":"","_monsterinsights_sitenote_category":0,"footnotes":""},"class_list":["post-505","page","type-page","status-publish","hentry"],"yoast_head":"<!-- This site is optimized with the Yoast SEO plugin v26.8 - https:\/\/yoast.com\/product\/yoast-seo-wordpress\/ -->\n<title>O mne - Neurolanguage Coaching &amp; Life Coaching<\/title>\n<meta name=\"robots\" content=\"index, follow, max-snippet:-1, max-image-preview:large, max-video-preview:-1\" \/>\n<link rel=\"canonical\" href=\"https:\/\/mariavrabel.sk\/en\/o-mne\/\" \/>\n<meta property=\"og:locale\" content=\"en_GB\" \/>\n<meta property=\"og:type\" content=\"article\" \/>\n<meta property=\"og:title\" content=\"O mne - Neurolanguage Coaching &amp; Life Coaching\" \/>\n<meta property=\"og:description\" content=\"Profil kou\u010da, pre\u010do kou\u010dujem, vzdelanie a tr\u00e9ning\" \/>\n<meta property=\"og:url\" content=\"https:\/\/mariavrabel.sk\/en\/o-mne\/\" \/>\n<meta property=\"og:site_name\" content=\"Neurolanguage Coaching &amp; Life Coaching\" \/>\n<meta property=\"article:modified_time\" content=\"2025-06-06T13:45:28+00:00\" \/>\n<meta property=\"og:image\" content=\"https:\/\/mariavrabel.sk\/wp-content\/uploads\/2025\/06\/DSC_6811-684x1024.jpg\" \/>\n<meta name=\"twitter:card\" content=\"summary_large_image\" \/>\n<meta name=\"twitter:label1\" content=\"Estimated reading time\" \/>\n\t<meta name=\"twitter:data1\" content=\"2 minutes\" \/>\n<script type=\"application\/ld+json\" class=\"yoast-schema-graph\">{\"@context\":\"https:\/\/schema.org\",\"@graph\":[{\"@type\":\"WebPage\",\"@id\":\"https:\/\/mariavrabel.sk\/o-mne\/\",\"url\":\"https:\/\/mariavrabel.sk\/o-mne\/\",\"name\":\"O mne - Neurolanguage Coaching &amp; Life Coaching\",\"isPartOf\":{\"@id\":\"https:\/\/mariavrabel.sk\/#website\"},\"primaryImageOfPage\":{\"@id\":\"https:\/\/mariavrabel.sk\/o-mne\/#primaryimage\"},\"image\":{\"@id\":\"https:\/\/mariavrabel.sk\/o-mne\/#primaryimage\"},\"thumbnailUrl\":\"https:\/\/mariavrabel.sk\/wp-content\/uploads\/2025\/06\/DSC_6811-684x1024.jpg\",\"datePublished\":\"2025-05-12T19:53:09+00:00\",\"dateModified\":\"2025-06-06T13:45:28+00:00\",\"breadcrumb\":{\"@id\":\"https:\/\/mariavrabel.sk\/o-mne\/#breadcrumb\"},\"inLanguage\":\"en-GB\",\"potentialAction\":[{\"@type\":\"ReadAction\",\"target\":[\"https:\/\/mariavrabel.sk\/o-mne\/\"]}]},{\"@type\":\"ImageObject\",\"inLanguage\":\"en-GB\",\"@id\":\"https:\/\/mariavrabel.sk\/o-mne\/#primaryimage\",\"url\":\"https:\/\/mariavrabel.sk\/wp-content\/uploads\/2025\/06\/DSC_6811-684x1024.jpg\",\"contentUrl\":\"https:\/\/mariavrabel.sk\/wp-content\/uploads\/2025\/06\/DSC_6811-684x1024.jpg\"},{\"@type\":\"BreadcrumbList\",\"@id\":\"https:\/\/mariavrabel.sk\/o-mne\/#breadcrumb\",\"itemListElement\":[{\"@type\":\"ListItem\",\"position\":1,\"name\":\"Home\",\"item\":\"https:\/\/mariavrabel.sk\/\"},{\"@type\":\"ListItem\",\"position\":2,\"name\":\"O mne\"}]},{\"@type\":\"WebSite\",\"@id\":\"https:\/\/mariavrabel.sk\/#website\",\"url\":\"https:\/\/mariavrabel.sk\/\",\"name\":\"Neurolanguage Coaching &amp; Life Coaching\",\"description\":\"\",\"potentialAction\":[{\"@type\":\"SearchAction\",\"target\":{\"@type\":\"EntryPoint\",\"urlTemplate\":\"https:\/\/mariavrabel.sk\/?s={search_term_string}\"},\"query-input\":{\"@type\":\"PropertyValueSpecification\",\"valueRequired\":true,\"valueName\":\"search_term_string\"}}],\"inLanguage\":\"en-GB\"}]}<\/script>\n<!-- \/ Yoast SEO plugin. -->","yoast_head_json":{"title":"O mne - Neurolanguage Coaching &amp; Life Coaching","robots":{"index":"index","follow":"follow","max-snippet":"max-snippet:-1","max-image-preview":"max-image-preview:large","max-video-preview":"max-video-preview:-1"},"canonical":"https:\/\/mariavrabel.sk\/en\/o-mne\/","og_locale":"en_GB","og_type":"article","og_title":"O mne - Neurolanguage Coaching &amp; Life Coaching","og_description":"Profil kou\u010da, pre\u010do kou\u010dujem, vzdelanie a tr\u00e9ning","og_url":"https:\/\/mariavrabel.sk\/en\/o-mne\/","og_site_name":"Neurolanguage Coaching &amp; Life Coaching","article_modified_time":"2025-06-06T13:45:28+00:00","og_image":[{"url":"https:\/\/mariavrabel.sk\/wp-content\/uploads\/2025\/06\/DSC_6811-684x1024.jpg","type":"","width":"","height":""}],"twitter_card":"summary_large_image","twitter_misc":{"Estimated reading time":"2 minutes"},"schema":{"@context":"https:\/\/schema.org","@graph":[{"@type":"WebPage","@id":"https:\/\/mariavrabel.sk\/o-mne\/","url":"https:\/\/mariavrabel.sk\/o-mne\/","name":"O mne - Neurolanguage Coaching &amp; Life Coaching","isPartOf":{"@id":"https:\/\/mariavrabel.sk\/#website"},"primaryImageOfPage":{"@id":"https:\/\/mariavrabel.sk\/o-mne\/#primaryimage"},"image":{"@id":"https:\/\/mariavrabel.sk\/o-mne\/#primaryimage"},"thumbnailUrl":"https:\/\/mariavrabel.sk\/wp-content\/uploads\/2025\/06\/DSC_6811-684x1024.jpg","datePublished":"2025-05-12T19:53:09+00:00","dateModified":"2025-06-06T13:45:28+00:00","breadcrumb":{"@id":"https:\/\/mariavrabel.sk\/o-mne\/#breadcrumb"},"inLanguage":"en-GB","potentialAction":[{"@type":"ReadAction","target":["https:\/\/mariavrabel.sk\/o-mne\/"]}]},{"@type":"ImageObject","inLanguage":"en-GB","@id":"https:\/\/mariavrabel.sk\/o-mne\/#primaryimage","url":"https:\/\/mariavrabel.sk\/wp-content\/uploads\/2025\/06\/DSC_6811-684x1024.jpg","contentUrl":"https:\/\/mariavrabel.sk\/wp-content\/uploads\/2025\/06\/DSC_6811-684x1024.jpg"},{"@type":"BreadcrumbList","@id":"https:\/\/mariavrabel.sk\/o-mne\/#breadcrumb","itemListElement":[{"@type":"ListItem","position":1,"name":"Home","item":"https:\/\/mariavrabel.sk\/"},{"@type":"ListItem","position":2,"name":"O mne"}]},{"@type":"WebSite","@id":"https:\/\/mariavrabel.sk\/#website","url":"https:\/\/mariavrabel.sk\/","name":"Neurolanguage Coaching &amp; Life Coaching","description":"","potentialAction":[{"@type":"SearchAction","target":{"@type":"EntryPoint","urlTemplate":"https:\/\/mariavrabel.sk\/?s={search_term_string}"},"query-input":{"@type":"PropertyValueSpecification","valueRequired":true,"valueName":"search_term_string"}}],"inLanguage":"en-GB"}]}},"_links":{"self":[{"href":"https:\/\/mariavrabel.sk\/en\/wp-json\/wp\/v2\/pages\/505","targetHints":{"allow":["GET"]}}],"collection":[{"href":"https:\/\/mariavrabel.sk\/en\/wp-json\/wp\/v2\/pages"}],"about":[{"href":"https:\/\/mariavrabel.sk\/en\/wp-json\/wp\/v2\/types\/page"}],"author":[{"embeddable":true,"href":"https:\/\/mariavrabel.sk\/en\/wp-json\/wp\/v2\/users\/1"}],"replies":[{"embeddable":true,"href":"https:\/\/mariavrabel.sk\/en\/wp-json\/wp\/v2\/comments?post=505"}],"version-history":[{"count":6,"href":"https:\/\/mariavrabel.sk\/en\/wp-json\/wp\/v2\/pages\/505\/revisions"}],"predecessor-version":[{"id":1001,"href":"https:\/\/mariavrabel.sk\/en\/wp-json\/wp\/v2\/pages\/505\/revisions\/1001"}],"wp:attachment":[{"href":"https:\/\/mariavrabel.sk\/en\/wp-json\/wp\/v2\/media?parent=505"}],"curies":[{"name":"wp","href":"https:\/\/api.w.org\/{rel}","templated":true}]}}