{"id":15,"date":"2025-01-26T22:05:30","date_gmt":"2025-01-26T21:05:30","guid":{"rendered":"https:\/\/mariavrabel.sk\/?page_id=15"},"modified":"2025-05-31T11:20:46","modified_gmt":"2025-05-31T09:20:46","slug":"about","status":"publish","type":"page","link":"https:\/\/mariavrabel.sk\/en\/about\/","title":{"rendered":"FAQ"},"content":{"rendered":"<div data-elementor-type=\"wp-page\" data-elementor-id=\"15\" class=\"elementor elementor-15\">\n\t\t\t\t<div class=\"elementor-element elementor-element-7128865 e-flex e-con-boxed e-con e-parent\" data-id=\"7128865\" data-element_type=\"container\">\n\t\t\t\t\t<div class=\"e-con-inner\">\n\t\t\t\t<div class=\"elementor-element elementor-element-7ffc1a2 elementor-widget elementor-widget-spacer\" data-id=\"7ffc1a2\" data-element_type=\"widget\" data-widget_type=\"spacer.default\">\n\t\t\t\t<div class=\"elementor-widget-container\">\n\t\t\t\t\t\t\t<div class=\"elementor-spacer\">\n\t\t\t<div class=\"elementor-spacer-inner\"><\/div>\n\t\t<\/div>\n\t\t\t\t\t\t<\/div>\n\t\t\t\t<\/div>\n\t\t\t\t\t<\/div>\n\t\t\t\t<\/div>\n\t\t<div class=\"elementor-element elementor-element-3748b1d e-grid e-con-boxed e-con e-parent\" data-id=\"3748b1d\" data-element_type=\"container\">\n\t\t\t\t\t<div class=\"e-con-inner\">\n\t\t<div class=\"elementor-element elementor-element-d50561e e-con-full e-flex e-con e-child\" data-id=\"d50561e\" data-element_type=\"container\">\n\t\t\t\t<div class=\"elementor-element elementor-element-8d9e0a2 elementor-widget elementor-widget-image\" data-id=\"8d9e0a2\" data-element_type=\"widget\" data-widget_type=\"image.default\">\n\t\t\t\t<div class=\"elementor-widget-container\">\n\t\t\t\t\t\t\t\t\t\t\t\t\t\t\t<img fetchpriority=\"high\" decoding=\"async\" width=\"2560\" height=\"1709\" src=\"https:\/\/mariavrabel.sk\/wp-content\/uploads\/2025\/05\/DSC_6840.jpg\" class=\"attachment-full size-full wp-image-895\" alt=\"\" srcset=\"https:\/\/mariavrabel.sk\/wp-content\/uploads\/2025\/05\/DSC_6840.jpg 2560w, https:\/\/mariavrabel.sk\/wp-content\/uploads\/2025\/05\/DSC_6840-300x200.jpg 300w, https:\/\/mariavrabel.sk\/wp-content\/uploads\/2025\/05\/DSC_6840-1024x684.jpg 1024w, https:\/\/mariavrabel.sk\/wp-content\/uploads\/2025\/05\/DSC_6840-768x513.jpg 768w, https:\/\/mariavrabel.sk\/wp-content\/uploads\/2025\/05\/DSC_6840-1536x1025.jpg 1536w, https:\/\/mariavrabel.sk\/wp-content\/uploads\/2025\/05\/DSC_6840-2048x1367.jpg 2048w, https:\/\/mariavrabel.sk\/wp-content\/uploads\/2025\/05\/DSC_6840-18x12.jpg 18w\" sizes=\"(max-width: 2560px) 100vw, 2560px\" \/>\t\t\t\t\t\t\t\t\t\t\t\t\t\t\t<\/div>\n\t\t\t\t<\/div>\n\t\t\t\t<\/div>\n\t\t\t\t<div class=\"elementor-element elementor-element-b066607 elementor-widget elementor-widget-text-editor\" data-id=\"b066607\" data-element_type=\"widget\" data-widget_type=\"text-editor.default\">\n\t\t\t\t<div class=\"elementor-widget-container\">\n\t\t\t\t\t\t\t\t\t<p class=\"\" data-start=\"320\" data-end=\"535\"><strong data-start=\"320\" data-end=\"346\">\u010co je life kou\u010ding?<\/strong><br data-start=\"346\" data-end=\"349\" \/>Life kou\u010ding je rozhovor medzi kou\u010dom a klientom, zameran\u00fd na podporu osobn\u00e9ho rastu, objavenie vlastn\u00fdch hodn\u00f4t a cielen\u00fa pr\u00e1cu na zmen\u00e1ch, ktor\u00e9 klient chce vo svojom \u017eivote dosiahnu\u0165.<\/p><p class=\"\" data-start=\"537\" data-end=\"748\"><strong data-start=\"537\" data-end=\"576\">V \u010dom je in\u00fd kres\u0165ansk\u00fd life kou\u010ding?<\/strong><br data-start=\"576\" data-end=\"579\" \/>Kres\u0165ansk\u00fd kou\u010ding vn\u00edma \u010dloveka celostne \u2013 telo, du\u0161a a duch. Po\u010das rozhovoru m\u00f4\u017ee klient slobodne zapoji\u0165 aj duchovn\u00fd rozmer a h\u013eada\u0165 odpovede v kontexte svojej viery.<\/p><p class=\"\" data-start=\"750\" data-end=\"966\"><strong data-start=\"750\" data-end=\"807\">Mus\u00edm by\u0165 veriaci, aby som mohol pr\u00eds\u0165 na kou\u010ding?<\/strong><br data-start=\"807\" data-end=\"810\" \/>Nie. Kou\u010ding je otvoren\u00fd v\u0161etk\u00fdm. T\u00e9my viery sa otv\u00e1raj\u00fa len vtedy, ak to klient v\u00fdslovne chce. Stretnutia prebiehaj\u00fa v bezpe\u010dnom a re\u0161pektuj\u00facom priestore.<\/p><p class=\"\" data-start=\"968\" data-end=\"1194\"><strong data-start=\"968\" data-end=\"1007\">Ako prebieha kou\u010dovac\u00ed rozhovor?<\/strong><br data-start=\"1007\" data-end=\"1010\" \/>Kou\u010d nepon\u00faka rady ani hotov\u00e9 rie\u0161enia. Namiesto toho kladie premyslen\u00e9 ot\u00e1zky, ktor\u00e9 pom\u00e1haj\u00fa klientovi objasni\u0165 si svoje ciele, n\u00e1js\u0165 vn\u00fatorn\u00e9 zdroje a zostavi\u0165 konkr\u00e9tny ak\u010dn\u00fd pl\u00e1n.<\/p><p class=\"\" data-start=\"1196\" data-end=\"1421\"><strong data-start=\"1196\" data-end=\"1229\">Je kou\u010ding vhodn\u00fd pre m\u0148a?<\/strong><br data-start=\"1229\" data-end=\"1232\" \/>Ak h\u013ead\u00e1\u0161 zmenu, t\u00fa\u017ei\u0161 po v\u00e4\u010d\u0161ej jasnosti, rovnov\u00e1he alebo vn\u00fatornej odolnosti, kou\u010ding ti m\u00f4\u017ee pom\u00f4c\u0165. Pon\u00fakam bezplatn\u00e9 \u00favodn\u00e9 stretnutie, kde spolu zist\u00edme, \u010di ti tento pr\u00edstup vyhovuje.<\/p><p class=\"\" data-start=\"1423\" data-end=\"1646\"><strong data-start=\"1423\" data-end=\"1481\">V \u010dom sa kou\u010ding l\u00ed\u0161i od terapie alebo poradenstva?<\/strong><br data-start=\"1481\" data-end=\"1484\" \/>Kou\u010ding nie je terapia, ani odborn\u00e9 poradenstvo. Neposkytuje diagn\u00f3zy ani lie\u010dbu. Zameriava sa na bud\u00facnos\u0165 a rozvoj potenci\u00e1lu, nie na rie\u0161enie minul\u00fdch zranen\u00ed.<\/p><p class=\"\" data-start=\"1648\" data-end=\"1845\"><strong data-start=\"1648\" data-end=\"1702\">Ako \u010dasto a v akej forme prebiehaj\u00fa stretnutia?<\/strong><br data-start=\"1702\" data-end=\"1705\" \/>Stretnutia trvaj\u00fa 60 min\u00fat a prebiehaj\u00fa osobne, online alebo telefonicky. Odpor\u00fa\u010dan\u00e1 frekvencia je raz za 2\u20133 t\u00fd\u017edne, pod\u013ea tvojich potrieb.<\/p><p class=\"\" data-start=\"1997\" data-end=\"2132\"><strong data-start=\"1997\" data-end=\"2023\">Je kou\u010ding d\u00f4vern\u00fd?<\/strong><br data-start=\"2023\" data-end=\"2026\" \/>\u00c1no. V\u0161etko, \u010do po\u010das stretnut\u00ed zaznie, zost\u00e1va medzi nami. Kou\u010d sa riadi etick\u00fdm k\u00f3dexom a ml\u010danlivos\u0165ou.<\/p><p class=\"\" data-start=\"2134\" data-end=\"2352\"><strong data-start=\"2134\" data-end=\"2189\">Ako sa m\u00f4\u017eem objedna\u0165 a ako ukon\u010di\u0165 spolupr\u00e1cu?<\/strong><br data-start=\"2189\" data-end=\"2192\" \/>Na kou\u010ding sa m\u00f4\u017ee\u0161 objedna\u0165 cez kontaktn\u00fd formul\u00e1r alebo e-mailom. Spolupr\u00e1cu m\u00f4\u017ee\u0161 kedyko\u013evek preru\u0161i\u0165 alebo ukon\u010di\u0165 \u2013 bez vysvetlenia, s d\u00f4verou a re\u0161pektom.<\/p>\t\t\t\t\t\t\t\t<\/div>\n\t\t\t\t<\/div>\n\t\t\t\t\t<\/div>\n\t\t\t\t<\/div>\n\t\t<div class=\"elementor-element elementor-element-71185fa e-flex e-con-boxed e-con e-parent\" data-id=\"71185fa\" data-element_type=\"container\">\n\t\t\t\t\t<div class=\"e-con-inner\">\n\t\t\t\t<div class=\"elementor-element elementor-element-3d8df94 elementor-widget elementor-widget-spacer\" data-id=\"3d8df94\" data-element_type=\"widget\" data-widget_type=\"spacer.default\">\n\t\t\t\t<div class=\"elementor-widget-container\">\n\t\t\t\t\t\t\t<div class=\"elementor-spacer\">\n\t\t\t<div class=\"elementor-spacer-inner\"><\/div>\n\t\t<\/div>\n\t\t\t\t\t\t<\/div>\n\t\t\t\t<\/div>\n\t\t\t\t\t<\/div>\n\t\t\t\t<\/div>\n\t\t<div class=\"elementor-element elementor-element-3ba2234 e-grid e-con-boxed e-con e-parent\" data-id=\"3ba2234\" data-element_type=\"container\">\n\t\t\t\t\t<div class=\"e-con-inner\">\n\t\t\t\t<div class=\"elementor-element elementor-element-4e3c570 elementor-widget elementor-widget-image\" data-id=\"4e3c570\" data-element_type=\"widget\" data-widget_type=\"image.default\">\n\t\t\t\t<div class=\"elementor-widget-container\">\n\t\t\t\t\t\t\t\t\t\t\t\t\t\t\t<img decoding=\"async\" src=\"https:\/\/mariavrabel.sk\/wp-content\/uploads\/2025\/05\/DSC_6730.jpg\" title=\"DSC_6730\" alt=\"DSC_6730\" loading=\"lazy\" \/>\t\t\t\t\t\t\t\t\t\t\t\t\t\t\t<\/div>\n\t\t\t\t<\/div>\n\t\t\t\t<div class=\"elementor-element elementor-element-037e3d4 elementor-widget elementor-widget-text-editor\" data-id=\"037e3d4\" data-element_type=\"widget\" data-widget_type=\"text-editor.default\">\n\t\t\t\t<div class=\"elementor-widget-container\">\n\t\t\t\t\t\t\t\t\t<p><b>\u010co m\u00e1 spolo\u010dn\u00e9 kou\u010ding s jazykov\u00fdm vzdel\u00e1van\u00edm?<\/b><b><br \/><\/b>Kou\u010ding v jazykovom vzdel\u00e1van\u00ed rozv\u00edja samostatnos\u0165 a motiv\u00e1ciu prostredn\u00edctvom siln\u00fdch ot\u00e1zok a uvedomen\u00ed. Na rozdiel od tradi\u010dn\u00e9ho vyu\u010dovania nie je direkt\u00edvny \u2013 podporuje zvedavos\u0165 a v\u00fdzvy.<\/p><p>Ot\u00e1zky ako <em>\u201eAko si na to pri\u0161iel?\u201c<\/em> pom\u00e1haj\u00fa klientovi spozna\u0165 vlastn\u00fd \u0161t\u00fdl u\u010denia sa. Ke\u010f\u017ee jazyk a sp\u00f4sob vyjadrovania s\u00fa \u00fazko spojen\u00e9 s myslen\u00edm, kou\u010ding pom\u00e1ha pochopi\u0165 vlastn\u00e9 uva\u017eovanie a prirodzene rozv\u00edja\u0165 jazykov\u00e9 schopnosti.<\/p><p><b>\u010co presne znamen\u00e1 Neurolanguage Coaching\u00ae?<\/b><b><br \/><\/b><span style=\"font-weight: 400;\">Neurolanguage Coaching\u00ae je certifikovan\u00e1 met\u00f3da, ktor\u00e1 kombinuje neurovedy, kou\u010dovac\u00ed pr\u00edstup a jazykov\u00e9 vzdel\u00e1vanie. Umo\u017e\u0148uje efekt\u00edvnej\u0161ie u\u010denie jazyka s oh\u013eadom na individu\u00e1lny \u0161t\u00fdl klienta a dlhodob\u00e9 v\u00fdsledky.<\/span><\/p><p><b>Ako m\u00f4\u017ee jazykov\u00fd kou\u010ding pom\u00f4c\u0165 v pracovnom v\u00fdkone?<\/b><b><br \/><\/b><span style=\"font-weight: 400;\">Jazykov\u00fd kou\u010ding pom\u00e1ha klientom zlep\u0161i\u0165 komunika\u010dn\u00e9 zru\u010dnosti, ktor\u00e9 s\u00fa aplikovate\u013en\u00e9 v profesion\u00e1lnych situ\u00e1ci\u00e1ch, ako s\u00fa prezent\u00e1cie \u010di rokovania. Obsah kurzu je prisp\u00f4soben\u00fd konkr\u00e9tnym potreb\u00e1m klienta.<\/span><\/p><p><b>Ako prebiehaj\u00fa sessions a ako sa meraj\u00fa v\u00fdsledky?<\/b><b><br \/><\/b><span style=\"font-weight: 400;\">Sessions prebiehaj\u00fa 1-2 kr\u00e1t t\u00fd\u017edenne vo forme individu\u00e1lnych stretnut\u00ed zameran\u00fdch na re\u00e1lne situ\u00e1cie. Pokrok sa vyhodnocuje ka\u017ed\u00e9 3 mesiace prostredn\u00edctvom Progress Check, kde sa meria dosiahnutie stanoven\u00fdch cie\u013eov.<\/span><\/p><p><b>Ak\u00e9 v\u00fdhody m\u00e1 jazykov\u00fd kou\u010ding oproti klasick\u00fdm kurzom?<\/b><b><br \/><\/b><span style=\"font-weight: 400;\">Jazykov\u00fd kou\u010ding je flexibilnej\u0161\u00ed a prisp\u00f4soben\u00fd konkr\u00e9tnym potreb\u00e1m \u00fa\u010dastn\u00edkov. Na rozdiel od be\u017en\u00e9ho kurzu sa zameriava na re\u00e1lny kontext klienta a \u010do umo\u017e\u0148uje efekt\u00edvnej\u0161ie u\u010denie sa.<\/span><\/p>\t\t\t\t\t\t\t\t<\/div>\n\t\t\t\t<\/div>\n\t\t\t\t\t<\/div>\n\t\t\t\t<\/div>\n\t\t\t\t<\/div>","protected":false},"excerpt":{"rendered":"<p>Profil kou\u010da, pre\u010do kou\u010dujem, vzdelanie a tr\u00e9ning<\/p>","protected":false},"author":1,"featured_media":0,"parent":0,"menu_order":0,"comment_status":"closed","ping_status":"closed","template":"elementor_header_footer","meta":{"_monsterinsights_skip_tracking":false,"_monsterinsights_sitenote_active":false,"_monsterinsights_sitenote_note":"","_monsterinsights_sitenote_category":0,"footnotes":""},"class_list":["post-15","page","type-page","status-publish","hentry"],"yoast_head":"<!-- This site is optimized with the Yoast SEO plugin v26.8 - https:\/\/yoast.com\/product\/yoast-seo-wordpress\/ -->\n<title>FAQ - Neurolanguage Coaching &amp; Life Coaching<\/title>\n<meta name=\"robots\" content=\"index, follow, max-snippet:-1, max-image-preview:large, max-video-preview:-1\" \/>\n<link rel=\"canonical\" href=\"https:\/\/mariavrabel.sk\/en\/about\/\" \/>\n<meta property=\"og:locale\" content=\"en_GB\" \/>\n<meta property=\"og:type\" content=\"article\" \/>\n<meta property=\"og:title\" content=\"FAQ - Neurolanguage Coaching &amp; Life Coaching\" \/>\n<meta property=\"og:description\" content=\"Profil kou\u010da, pre\u010do kou\u010dujem, vzdelanie a tr\u00e9ning\" \/>\n<meta property=\"og:url\" content=\"https:\/\/mariavrabel.sk\/en\/about\/\" \/>\n<meta property=\"og:site_name\" content=\"Neurolanguage Coaching &amp; Life Coaching\" \/>\n<meta property=\"article:modified_time\" content=\"2025-05-31T09:20:46+00:00\" \/>\n<meta property=\"og:image\" content=\"https:\/\/mariavrabel.sk\/wp-content\/uploads\/2025\/05\/DSC_6840.jpg\" \/>\n<meta name=\"twitter:card\" content=\"summary_large_image\" \/>\n<meta name=\"twitter:label1\" content=\"Estimated reading time\" \/>\n\t<meta name=\"twitter:data1\" content=\"3 minutes\" \/>\n<script type=\"application\/ld+json\" class=\"yoast-schema-graph\">{\"@context\":\"https:\/\/schema.org\",\"@graph\":[{\"@type\":\"WebPage\",\"@id\":\"https:\/\/mariavrabel.sk\/about\/\",\"url\":\"https:\/\/mariavrabel.sk\/about\/\",\"name\":\"FAQ - Neurolanguage Coaching &amp; Life Coaching\",\"isPartOf\":{\"@id\":\"https:\/\/mariavrabel.sk\/#website\"},\"primaryImageOfPage\":{\"@id\":\"https:\/\/mariavrabel.sk\/about\/#primaryimage\"},\"image\":{\"@id\":\"https:\/\/mariavrabel.sk\/about\/#primaryimage\"},\"thumbnailUrl\":\"https:\/\/mariavrabel.sk\/wp-content\/uploads\/2025\/05\/DSC_6840.jpg\",\"datePublished\":\"2025-01-26T21:05:30+00:00\",\"dateModified\":\"2025-05-31T09:20:46+00:00\",\"breadcrumb\":{\"@id\":\"https:\/\/mariavrabel.sk\/about\/#breadcrumb\"},\"inLanguage\":\"en-GB\",\"potentialAction\":[{\"@type\":\"ReadAction\",\"target\":[\"https:\/\/mariavrabel.sk\/about\/\"]}]},{\"@type\":\"ImageObject\",\"inLanguage\":\"en-GB\",\"@id\":\"https:\/\/mariavrabel.sk\/about\/#primaryimage\",\"url\":\"https:\/\/mariavrabel.sk\/wp-content\/uploads\/2025\/05\/DSC_6840.jpg\",\"contentUrl\":\"https:\/\/mariavrabel.sk\/wp-content\/uploads\/2025\/05\/DSC_6840.jpg\"},{\"@type\":\"BreadcrumbList\",\"@id\":\"https:\/\/mariavrabel.sk\/about\/#breadcrumb\",\"itemListElement\":[{\"@type\":\"ListItem\",\"position\":1,\"name\":\"Home\",\"item\":\"https:\/\/mariavrabel.sk\/\"},{\"@type\":\"ListItem\",\"position\":2,\"name\":\"FAQ\"}]},{\"@type\":\"WebSite\",\"@id\":\"https:\/\/mariavrabel.sk\/#website\",\"url\":\"https:\/\/mariavrabel.sk\/\",\"name\":\"Neurolanguage Coaching &amp; Life Coaching\",\"description\":\"\",\"potentialAction\":[{\"@type\":\"SearchAction\",\"target\":{\"@type\":\"EntryPoint\",\"urlTemplate\":\"https:\/\/mariavrabel.sk\/?s={search_term_string}\"},\"query-input\":{\"@type\":\"PropertyValueSpecification\",\"valueRequired\":true,\"valueName\":\"search_term_string\"}}],\"inLanguage\":\"en-GB\"}]}<\/script>\n<!-- \/ Yoast SEO plugin. -->","yoast_head_json":{"title":"FAQ - Neurolanguage Coaching &amp; Life Coaching","robots":{"index":"index","follow":"follow","max-snippet":"max-snippet:-1","max-image-preview":"max-image-preview:large","max-video-preview":"max-video-preview:-1"},"canonical":"https:\/\/mariavrabel.sk\/en\/about\/","og_locale":"en_GB","og_type":"article","og_title":"FAQ - Neurolanguage Coaching &amp; Life Coaching","og_description":"Profil kou\u010da, pre\u010do kou\u010dujem, vzdelanie a tr\u00e9ning","og_url":"https:\/\/mariavrabel.sk\/en\/about\/","og_site_name":"Neurolanguage Coaching &amp; Life Coaching","article_modified_time":"2025-05-31T09:20:46+00:00","og_image":[{"url":"https:\/\/mariavrabel.sk\/wp-content\/uploads\/2025\/05\/DSC_6840.jpg","type":"","width":"","height":""}],"twitter_card":"summary_large_image","twitter_misc":{"Estimated reading time":"3 minutes"},"schema":{"@context":"https:\/\/schema.org","@graph":[{"@type":"WebPage","@id":"https:\/\/mariavrabel.sk\/about\/","url":"https:\/\/mariavrabel.sk\/about\/","name":"FAQ - Neurolanguage Coaching &amp; Life Coaching","isPartOf":{"@id":"https:\/\/mariavrabel.sk\/#website"},"primaryImageOfPage":{"@id":"https:\/\/mariavrabel.sk\/about\/#primaryimage"},"image":{"@id":"https:\/\/mariavrabel.sk\/about\/#primaryimage"},"thumbnailUrl":"https:\/\/mariavrabel.sk\/wp-content\/uploads\/2025\/05\/DSC_6840.jpg","datePublished":"2025-01-26T21:05:30+00:00","dateModified":"2025-05-31T09:20:46+00:00","breadcrumb":{"@id":"https:\/\/mariavrabel.sk\/about\/#breadcrumb"},"inLanguage":"en-GB","potentialAction":[{"@type":"ReadAction","target":["https:\/\/mariavrabel.sk\/about\/"]}]},{"@type":"ImageObject","inLanguage":"en-GB","@id":"https:\/\/mariavrabel.sk\/about\/#primaryimage","url":"https:\/\/mariavrabel.sk\/wp-content\/uploads\/2025\/05\/DSC_6840.jpg","contentUrl":"https:\/\/mariavrabel.sk\/wp-content\/uploads\/2025\/05\/DSC_6840.jpg"},{"@type":"BreadcrumbList","@id":"https:\/\/mariavrabel.sk\/about\/#breadcrumb","itemListElement":[{"@type":"ListItem","position":1,"name":"Home","item":"https:\/\/mariavrabel.sk\/"},{"@type":"ListItem","position":2,"name":"FAQ"}]},{"@type":"WebSite","@id":"https:\/\/mariavrabel.sk\/#website","url":"https:\/\/mariavrabel.sk\/","name":"Neurolanguage Coaching &amp; Life Coaching","description":"","potentialAction":[{"@type":"SearchAction","target":{"@type":"EntryPoint","urlTemplate":"https:\/\/mariavrabel.sk\/?s={search_term_string}"},"query-input":{"@type":"PropertyValueSpecification","valueRequired":true,"valueName":"search_term_string"}}],"inLanguage":"en-GB"}]}},"_links":{"self":[{"href":"https:\/\/mariavrabel.sk\/en\/wp-json\/wp\/v2\/pages\/15","targetHints":{"allow":["GET"]}}],"collection":[{"href":"https:\/\/mariavrabel.sk\/en\/wp-json\/wp\/v2\/pages"}],"about":[{"href":"https:\/\/mariavrabel.sk\/en\/wp-json\/wp\/v2\/types\/page"}],"author":[{"embeddable":true,"href":"https:\/\/mariavrabel.sk\/en\/wp-json\/wp\/v2\/users\/1"}],"replies":[{"embeddable":true,"href":"https:\/\/mariavrabel.sk\/en\/wp-json\/wp\/v2\/comments?post=15"}],"version-history":[{"count":6,"href":"https:\/\/mariavrabel.sk\/en\/wp-json\/wp\/v2\/pages\/15\/revisions"}],"predecessor-version":[{"id":929,"href":"https:\/\/mariavrabel.sk\/en\/wp-json\/wp\/v2\/pages\/15\/revisions\/929"}],"wp:attachment":[{"href":"https:\/\/mariavrabel.sk\/en\/wp-json\/wp\/v2\/media?parent=15"}],"curies":[{"name":"wp","href":"https:\/\/api.w.org\/{rel}","templated":true}]}}